{"id":1355,"date":"2021-12-27T19:44:37","date_gmt":"2021-12-27T19:44:37","guid":{"rendered":"http:\/\/sandbox.31507.dcpserver.de\/?page_id=1355"},"modified":"2026-04-14T08:37:16","modified_gmt":"2026-04-14T08:37:16","slug":"impressum","status":"publish","type":"page","link":"https:\/\/alsterconcept.de\/metropolen-dialog\/?page_id=1355","title":{"rendered":"Impressum"},"content":{"rendered":"<h2>Angaben gem\u00e4\u00df \u00a7 5 TMG<\/h2>\n<p>Rainer M\u00f6ller<br \/>\nALSTERCONCEPT<br \/>\nEichelh\u00e4herkamp 54<br \/>\n22397 Hamburg<\/p>\n<p><strong>Registergericht<\/strong>: Deutsches Patent- und Markenamt 80297 M\u00fcnchen<br \/>\n<strong>Registernummer<\/strong>: HRB 30 2012 064 719<\/p>\n<h2>Kontakt<\/h2>\n<p>Telefon: +49 (0) 40 870 85 132<br \/>\nTelefax: +49 (0) 40 636 46 670<br \/>\nE-Mail: info@alsterconcept.de<\/p>\n<h2>Umsatzsteuer-ID<\/h2>\n<p>Umsatzsteuer-Identifikationsnummer gem\u00e4\u00df \u00a7 27 a Umsatzsteuergesetz:<br \/>\nDE340660518<\/p>\n<h2>EU-Streitschlichtung<\/h2>\n<p>Die Europ\u00e4ische Kommission stellt eine Plattform zur Online-Streitbeilegung (OS) bereit: <a href=\"https:\/\/ec.europa.eu\/consumers\/odr\/\" target=\"_blank\" rel=\"noopener noreferrer\">https:\/\/ec.europa.eu\/consumers\/odr\/<\/a>.<br \/>\nUnsere E-Mail-Adresse finden Sie oben im Impressum.<\/p>\n<h2>Verbraucher\u00adstreit\u00adbeilegung\/Universal\u00adschlichtungs\u00adstelle<\/h2>\n<p>Wir sind nicht bereit oder verpflichtet, an Streitbeilegungsverfahren vor einer Verbraucherschlichtungsstelle teilzunehmen.<\/p>\n<p>Quelle: <a href=\"https:\/\/www.e-recht24.de\/impressum-generator.html\">https:\/\/www.e-recht24.de\/impressum-generator.html<\/a><\/p>\n","protected":false},"excerpt":{"rendered":"<p>Angaben gem\u00e4\u00df \u00a7 5 TMG Rainer M\u00f6ller ALSTERCONCEPT Eichelh\u00e4herkamp 54 22397 Hamburg Registergericht: Deutsches Patent- und Markenamt 80297 M\u00fcnchen Registernummer: HRB 30 2012 064 719 Kontakt Telefon: +49 (0) 40 870 85 132 Telefax: +49 (0) 40 636 46 670 E-Mail: info@alsterconcept.de Umsatzsteuer-ID Umsatzsteuer-Identifikationsnummer gem\u00e4\u00df \u00a7 27 a Umsatzsteuergesetz: DE340660518 EU-Streitschlichtung Die Europ\u00e4ische Kommission stellt &hellip;<\/p>\n<p class=\"read-more\"> <a class=\"\" href=\"https:\/\/alsterconcept.de\/metropolen-dialog\/?page_id=1355\"> <span class=\"screen-reader-text\">Impressum<\/span> Weiterlesen &raquo;<\/a><\/p>\n","protected":false},"author":1,"featured_media":0,"parent":0,"menu_order":0,"comment_status":"closed","ping_status":"closed","template":"","meta":{"site-sidebar-layout":"default","site-content-layout":"default","ast-main-header-display":"","ast-hfb-above-header-display":"","ast-hfb-below-header-display":"","ast-hfb-mobile-header-display":"","site-post-title":"","ast-breadcrumbs-content":"","ast-featured-img":"","footer-sml-layout":"","theme-transparent-header-meta":"default","adv-header-id-meta":"","stick-header-meta":"","header-above-stick-meta":"","header-main-stick-meta":"","header-below-stick-meta":"","_vp_format_video_url":"","_vp_image_focal_point":[],"footnotes":""},"class_list":["post-1355","page","type-page","status-publish","hentry"],"yoast_head":"<!-- This site is optimized with the Yoast SEO plugin v25.6 - https:\/\/yoast.com\/wordpress\/plugins\/seo\/ -->\n<title>Impressum - Metropolen Dialog Hamburg<\/title>\n<meta name=\"robots\" content=\"index, follow, max-snippet:-1, max-image-preview:large, max-video-preview:-1\" \/>\n<link rel=\"canonical\" href=\"https:\/\/alsterconcept.de\/metropolen-dialog\/?page_id=1355\" \/>\n<meta property=\"og:locale\" content=\"de_DE\" \/>\n<meta property=\"og:type\" content=\"article\" \/>\n<meta property=\"og:title\" content=\"Impressum - Metropolen Dialog Hamburg\" \/>\n<meta property=\"og:description\" content=\"Angaben gem\u00e4\u00df \u00a7 5 TMG Rainer M\u00f6ller ALSTERCONCEPT Eichelh\u00e4herkamp 54 22397 Hamburg Registergericht: Deutsches Patent- und Markenamt 80297 M\u00fcnchen Registernummer: HRB 30 2012 064 719 Kontakt Telefon: +49 (0) 40 870 85 132 Telefax: +49 (0) 40 636 46 670 E-Mail: info@alsterconcept.de Umsatzsteuer-ID Umsatzsteuer-Identifikationsnummer gem\u00e4\u00df \u00a7 27 a Umsatzsteuergesetz: DE340660518 EU-Streitschlichtung Die Europ\u00e4ische Kommission stellt &hellip; Impressum Weiterlesen &raquo;\" \/>\n<meta property=\"og:url\" content=\"https:\/\/alsterconcept.de\/metropolen-dialog\/?page_id=1355\" \/>\n<meta property=\"og:site_name\" content=\"Metropolen Dialog Hamburg\" \/>\n<meta property=\"article:modified_time\" content=\"2026-04-14T08:37:16+00:00\" \/>\n<meta name=\"twitter:card\" content=\"summary_large_image\" \/>\n<meta name=\"twitter:label1\" content=\"Gesch\u00e4tzte Lesezeit\" \/>\n\t<meta name=\"twitter:data1\" content=\"1\u00a0Minute\" \/>\n<script type=\"application\/ld+json\" class=\"yoast-schema-graph\">{\"@context\":\"https:\/\/schema.org\",\"@graph\":[{\"@type\":\"WebPage\",\"@id\":\"https:\/\/alsterconcept.de\/metropolen-dialog\/?page_id=1355\",\"url\":\"https:\/\/alsterconcept.de\/metropolen-dialog\/?page_id=1355\",\"name\":\"Impressum - Metropolen Dialog Hamburg\",\"isPartOf\":{\"@id\":\"https:\/\/alsterconcept.de\/metropolen-dialog\/#website\"},\"datePublished\":\"2021-12-27T19:44:37+00:00\",\"dateModified\":\"2026-04-14T08:37:16+00:00\",\"breadcrumb\":{\"@id\":\"https:\/\/alsterconcept.de\/metropolen-dialog\/?page_id=1355#breadcrumb\"},\"inLanguage\":\"de\",\"potentialAction\":[{\"@type\":\"ReadAction\",\"target\":[\"https:\/\/alsterconcept.de\/metropolen-dialog\/?page_id=1355\"]}]},{\"@type\":\"BreadcrumbList\",\"@id\":\"https:\/\/alsterconcept.de\/metropolen-dialog\/?page_id=1355#breadcrumb\",\"itemListElement\":[{\"@type\":\"ListItem\",\"position\":1,\"name\":\"Startseite\",\"item\":\"https:\/\/alsterconcept.de\/metropolen-dialog\/\"},{\"@type\":\"ListItem\",\"position\":2,\"name\":\"Impressum\"}]},{\"@type\":\"WebSite\",\"@id\":\"https:\/\/alsterconcept.de\/metropolen-dialog\/#website\",\"url\":\"https:\/\/alsterconcept.de\/metropolen-dialog\/\",\"name\":\"Metropolen Dialog Hamburg\",\"description\":\"Innovation. Zukunft. Netzwerk.\",\"publisher\":{\"@id\":\"https:\/\/alsterconcept.de\/metropolen-dialog\/#organization\"},\"potentialAction\":[{\"@type\":\"SearchAction\",\"target\":{\"@type\":\"EntryPoint\",\"urlTemplate\":\"https:\/\/alsterconcept.de\/metropolen-dialog\/?s={search_term_string}\"},\"query-input\":{\"@type\":\"PropertyValueSpecification\",\"valueRequired\":true,\"valueName\":\"search_term_string\"}}],\"inLanguage\":\"de\"},{\"@type\":\"Organization\",\"@id\":\"https:\/\/alsterconcept.de\/metropolen-dialog\/#organization\",\"name\":\"Metropolen Dialog Hamburg\",\"url\":\"https:\/\/alsterconcept.de\/metropolen-dialog\/\",\"logo\":{\"@type\":\"ImageObject\",\"inLanguage\":\"de\",\"@id\":\"https:\/\/alsterconcept.de\/metropolen-dialog\/#\/schema\/logo\/image\/\",\"url\":\"https:\/\/alsterconcept.de\/metropolen-dialog\/wp-content\/uploads\/2026\/04\/logo_metropolendialog.png\",\"contentUrl\":\"https:\/\/alsterconcept.de\/metropolen-dialog\/wp-content\/uploads\/2026\/04\/logo_metropolendialog.png\",\"width\":715,\"height\":359,\"caption\":\"Metropolen Dialog Hamburg\"},\"image\":{\"@id\":\"https:\/\/alsterconcept.de\/metropolen-dialog\/#\/schema\/logo\/image\/\"}}]}<\/script>\n<!-- \/ Yoast SEO plugin. -->","yoast_head_json":{"title":"Impressum - Metropolen Dialog Hamburg","robots":{"index":"index","follow":"follow","max-snippet":"max-snippet:-1","max-image-preview":"max-image-preview:large","max-video-preview":"max-video-preview:-1"},"canonical":"https:\/\/alsterconcept.de\/metropolen-dialog\/?page_id=1355","og_locale":"de_DE","og_type":"article","og_title":"Impressum - Metropolen Dialog Hamburg","og_description":"Angaben gem\u00e4\u00df \u00a7 5 TMG Rainer M\u00f6ller ALSTERCONCEPT Eichelh\u00e4herkamp 54 22397 Hamburg Registergericht: Deutsches Patent- und Markenamt 80297 M\u00fcnchen Registernummer: HRB 30 2012 064 719 Kontakt Telefon: +49 (0) 40 870 85 132 Telefax: +49 (0) 40 636 46 670 E-Mail: info@alsterconcept.de Umsatzsteuer-ID Umsatzsteuer-Identifikationsnummer gem\u00e4\u00df \u00a7 27 a Umsatzsteuergesetz: DE340660518 EU-Streitschlichtung Die Europ\u00e4ische Kommission stellt &hellip; Impressum Weiterlesen &raquo;","og_url":"https:\/\/alsterconcept.de\/metropolen-dialog\/?page_id=1355","og_site_name":"Metropolen Dialog Hamburg","article_modified_time":"2026-04-14T08:37:16+00:00","twitter_card":"summary_large_image","twitter_misc":{"Gesch\u00e4tzte Lesezeit":"1\u00a0Minute"},"schema":{"@context":"https:\/\/schema.org","@graph":[{"@type":"WebPage","@id":"https:\/\/alsterconcept.de\/metropolen-dialog\/?page_id=1355","url":"https:\/\/alsterconcept.de\/metropolen-dialog\/?page_id=1355","name":"Impressum - Metropolen Dialog Hamburg","isPartOf":{"@id":"https:\/\/alsterconcept.de\/metropolen-dialog\/#website"},"datePublished":"2021-12-27T19:44:37+00:00","dateModified":"2026-04-14T08:37:16+00:00","breadcrumb":{"@id":"https:\/\/alsterconcept.de\/metropolen-dialog\/?page_id=1355#breadcrumb"},"inLanguage":"de","potentialAction":[{"@type":"ReadAction","target":["https:\/\/alsterconcept.de\/metropolen-dialog\/?page_id=1355"]}]},{"@type":"BreadcrumbList","@id":"https:\/\/alsterconcept.de\/metropolen-dialog\/?page_id=1355#breadcrumb","itemListElement":[{"@type":"ListItem","position":1,"name":"Startseite","item":"https:\/\/alsterconcept.de\/metropolen-dialog\/"},{"@type":"ListItem","position":2,"name":"Impressum"}]},{"@type":"WebSite","@id":"https:\/\/alsterconcept.de\/metropolen-dialog\/#website","url":"https:\/\/alsterconcept.de\/metropolen-dialog\/","name":"Metropolen Dialog Hamburg","description":"Innovation. Zukunft. Netzwerk.","publisher":{"@id":"https:\/\/alsterconcept.de\/metropolen-dialog\/#organization"},"potentialAction":[{"@type":"SearchAction","target":{"@type":"EntryPoint","urlTemplate":"https:\/\/alsterconcept.de\/metropolen-dialog\/?s={search_term_string}"},"query-input":{"@type":"PropertyValueSpecification","valueRequired":true,"valueName":"search_term_string"}}],"inLanguage":"de"},{"@type":"Organization","@id":"https:\/\/alsterconcept.de\/metropolen-dialog\/#organization","name":"Metropolen Dialog Hamburg","url":"https:\/\/alsterconcept.de\/metropolen-dialog\/","logo":{"@type":"ImageObject","inLanguage":"de","@id":"https:\/\/alsterconcept.de\/metropolen-dialog\/#\/schema\/logo\/image\/","url":"https:\/\/alsterconcept.de\/metropolen-dialog\/wp-content\/uploads\/2026\/04\/logo_metropolendialog.png","contentUrl":"https:\/\/alsterconcept.de\/metropolen-dialog\/wp-content\/uploads\/2026\/04\/logo_metropolendialog.png","width":715,"height":359,"caption":"Metropolen Dialog Hamburg"},"image":{"@id":"https:\/\/alsterconcept.de\/metropolen-dialog\/#\/schema\/logo\/image\/"}}]}},"_links":{"self":[{"href":"https:\/\/alsterconcept.de\/metropolen-dialog\/index.php?rest_route=\/wp\/v2\/pages\/1355","targetHints":{"allow":["GET"]}}],"collection":[{"href":"https:\/\/alsterconcept.de\/metropolen-dialog\/index.php?rest_route=\/wp\/v2\/pages"}],"about":[{"href":"https:\/\/alsterconcept.de\/metropolen-dialog\/index.php?rest_route=\/wp\/v2\/types\/page"}],"author":[{"embeddable":true,"href":"https:\/\/alsterconcept.de\/metropolen-dialog\/index.php?rest_route=\/wp\/v2\/users\/1"}],"replies":[{"embeddable":true,"href":"https:\/\/alsterconcept.de\/metropolen-dialog\/index.php?rest_route=%2Fwp%2Fv2%2Fcomments&post=1355"}],"version-history":[{"count":4,"href":"https:\/\/alsterconcept.de\/metropolen-dialog\/index.php?rest_route=\/wp\/v2\/pages\/1355\/revisions"}],"predecessor-version":[{"id":1870,"href":"https:\/\/alsterconcept.de\/metropolen-dialog\/index.php?rest_route=\/wp\/v2\/pages\/1355\/revisions\/1870"}],"wp:attachment":[{"href":"https:\/\/alsterconcept.de\/metropolen-dialog\/index.php?rest_route=%2Fwp%2Fv2%2Fmedia&parent=1355"}],"curies":[{"name":"wp","href":"https:\/\/api.w.org\/{rel}","templated":true}]}}